{"id":504,"date":"2025-06-06T09:22:22","date_gmt":"2025-06-06T07:22:22","guid":{"rendered":"https:\/\/business-continuity-convention.com\/?page_id=504"},"modified":"2025-06-26T13:54:20","modified_gmt":"2025-06-26T11:54:20","slug":"practical-informations-luxembourg","status":"publish","type":"page","link":"https:\/\/business-continuity-convention.com\/fr\/practical-informations-luxembourg\/","title":{"rendered":"Practical Informations Luxembourg"},"content":{"rendered":"<div data-elementor-type=\"wp-page\" data-elementor-id=\"504\" class=\"elementor elementor-504\">\n\t\t\t\t<div class=\"elementor-element elementor-element-34993fa e-flex e-con-boxed wpr-particle-no wpr-jarallax-no wpr-parallax-no wpr-sticky-section-no e-con e-parent\" data-id=\"34993fa\" data-element_type=\"container\" data-e-type=\"container\">\n\t\t\t\t\t<div class=\"e-con-inner\">\n\t\t<div class=\"elementor-element elementor-element-d6387e2 e-con-full e-flex wpr-particle-no wpr-jarallax-no wpr-parallax-no wpr-sticky-section-no e-con e-child\" data-id=\"d6387e2\" data-element_type=\"container\" data-e-type=\"container\">\n\t\t\t\t<div class=\"elementor-element elementor-element-344ecfa elementor-widget elementor-widget-image\" data-id=\"344ecfa\" data-element_type=\"widget\" data-e-type=\"widget\" data-widget_type=\"image.default\">\n\t\t\t\t<div class=\"elementor-widget-container\">\n\t\t\t\t\t\t\t\t\t\t\t\t\t\t\t<img fetchpriority=\"high\" decoding=\"async\" width=\"1012\" height=\"486\" src=\"https:\/\/business-continuity-convention.com\/wp-content\/uploads\/2025\/06\/tero-river-house-e1750938850889.png\" class=\"attachment-full size-full wp-image-586\" alt=\"\" srcset=\"https:\/\/business-continuity-convention.com\/wp-content\/uploads\/2025\/06\/tero-river-house-e1750938850889.png 1012w, https:\/\/business-continuity-convention.com\/wp-content\/uploads\/2025\/06\/tero-river-house-e1750938850889-300x144.png 300w, https:\/\/business-continuity-convention.com\/wp-content\/uploads\/2025\/06\/tero-river-house-e1750938850889-768x369.png 768w, https:\/\/business-continuity-convention.com\/wp-content\/uploads\/2025\/06\/tero-river-house-e1750938850889-18x9.png 18w\" sizes=\"(max-width: 1012px) 100vw, 1012px\" \/>\t\t\t\t\t\t\t\t\t\t\t\t\t\t\t<\/div>\n\t\t\t\t<\/div>\n\t\t\t\t<div class=\"elementor-element elementor-element-286414d elementor-widget elementor-widget-google_maps\" data-id=\"286414d\" data-element_type=\"widget\" data-e-type=\"widget\" data-widget_type=\"google_maps.default\">\n\t\t\t\t<div class=\"elementor-widget-container\">\n\t\t\t\t\t\t\t<div class=\"elementor-custom-embed\">\n\t\t\t<iframe loading=\"lazy\"\n\t\t\t\t\tsrc=\"https:\/\/maps.google.com\/maps?q=15%20Rives%20de%20Clausen%2C%202165%20Gronn%20L%C3%ABtzebuerg%2C%20Luxembourg&#038;t=m&#038;z=15&#038;output=embed&#038;iwloc=near\"\n\t\t\t\t\ttitle=\"15 Rives de Clausen, 2165 Gronn L\u00ebtzebuerg, Luxembourg\"\n\t\t\t\t\taria-label=\"15 Rives de Clausen, 2165 Gronn L\u00ebtzebuerg, Luxembourg\"\n\t\t\t><\/iframe>\n\t\t<\/div>\n\t\t\t\t\t\t<\/div>\n\t\t\t\t<\/div>\n\t\t\t\t<\/div>\n\t\t<div class=\"elementor-element elementor-element-518c7be e-con-full e-flex wpr-particle-no wpr-jarallax-no wpr-parallax-no wpr-sticky-section-no e-con e-child\" data-id=\"518c7be\" data-element_type=\"container\" data-e-type=\"container\">\n\t\t<div class=\"elementor-element elementor-element-f0470fb e-con-full e-flex wpr-particle-no wpr-jarallax-no wpr-parallax-no wpr-sticky-section-no e-con e-child\" data-id=\"f0470fb\" data-element_type=\"container\" data-e-type=\"container\">\n\t\t\t\t<div class=\"elementor-element elementor-element-bed22ec elementor-widget elementor-widget-heading\" data-id=\"bed22ec\" data-element_type=\"widget\" data-e-type=\"widget\" data-widget_type=\"heading.default\">\n\t\t\t\t<div class=\"elementor-widget-container\">\n\t\t\t\t\t<h2 class=\"elementor-heading-title elementor-size-default\">O\u00f9 ? Quand ? <\/h2>\t\t\t\t<\/div>\n\t\t\t\t<\/div>\n\t\t\t\t<\/div>\n\t\t<div class=\"elementor-element elementor-element-b242824 e-con-full e-flex wpr-particle-no wpr-jarallax-no wpr-parallax-no wpr-sticky-section-no e-con e-child\" data-id=\"b242824\" data-element_type=\"container\" data-e-type=\"container\">\n\t\t\t\t<div class=\"elementor-element elementor-element-85199be elementor-widget elementor-widget-html\" data-id=\"85199be\" data-element_type=\"widget\" data-e-type=\"widget\" data-widget_type=\"html.default\">\n\t\t\t\t<div class=\"elementor-widget-container\">\n\t\t\t\t\t<div style=\"border:1px solid #e0c4f2; border-radius:12px; padding:30px; max-width:800px; margin:0 auto; font-size:16px; color:#333;\">\r\n  <p><span style=\"font-size:20px;\">\ud83d\udccd <strong>Location<\/strong><\/span><br>\r\n    <strong>Tero River House<\/strong><br>\r\n    15 Rives de Clausen<br>\r\n    2165 Gronn L\u00ebtzebuerg - Luxembourg\r\n  <\/p>\r\n\r\n  <p><span style=\"font-size:20px;\">\ud83d\udcc5 <strong>Date et heure<\/strong><\/span><br>\r\n    <strong>Thursday, October 28, 2025<\/strong><br>\r\n    10H00 - 15H00\r\n  <\/p>\r\n\r\n  <p><span style=\"font-size:20px;\">\ud83d\ude89 <strong>Access<\/strong><\/span><br>\r\n    <strong>En train<\/strong>: 20 minutes de la gare centrale de Luxembourg en bus ou en taxi <br>\r\n    <strong>En bus<\/strong>: Plusieurs lignes s'arr\u00eatent \u00e0 proximit\u00e9 (Clausen, Pfaffenthal) - consulter le r\u00e9seau RGTR <br>\r\n    <strong>En voiture<\/strong>: Des parkings payants sont disponibles \u00e0 proximit\u00e9 (Rives de Clausen ou Parking Pfaffenthal), tous deux situ\u00e9s \u00e0 5-10 minutes \u00e0 pied : Plusieurs lignes s'arr\u00eatent \u00e0 proximit\u00e9 (Clausen, Pfaffenthal) - consulter le r\u00e9seau RGTR\r\n  <\/p>\r\n  <\/div>\r\n<\/div>\r\n\t\t\t\t<\/div>\n\t\t\t\t<\/div>\n\t\t\t\t<div class=\"elementor-element elementor-element-f08e825 elementor-align-center elementor-widget elementor-widget-button\" data-id=\"f08e825\" data-element_type=\"widget\" data-e-type=\"widget\" data-widget_type=\"button.default\">\n\t\t\t\t<div class=\"elementor-widget-container\">\n\t\t\t\t\t\t\t\t\t<div class=\"elementor-button-wrapper\">\n\t\t\t\t\t<a class=\"elementor-button elementor-button-link elementor-size-sm\" href=\"https:\/\/www.eventbrite.co.uk\/e\/business-continuity-convention-brunchlearn-luxembourg-tickets-1398043919999?aff=oddtdtcreator\">\n\t\t\t\t\t\t<span class=\"elementor-button-content-wrapper\">\n\t\t\t\t\t\t\t\t\t<span class=\"elementor-button-text\">Register Now<\/span>\n\t\t\t\t\t<\/span>\n\t\t\t\t\t<\/a>\n\t\t\t\t<\/div>\n\t\t\t\t\t\t\t\t<\/div>\n\t\t\t\t<\/div>\n\t\t\t\t<\/div>\n\t\t\t\t<\/div>\n\t\t\t\t\t<\/div>\n\t\t\t\t<\/div>\n\t\t<div class=\"elementor-element elementor-element-a2fcd31 e-flex e-con-boxed wpr-particle-no wpr-jarallax-no wpr-parallax-no wpr-sticky-section-no e-con e-parent\" data-id=\"a2fcd31\" data-element_type=\"container\" data-e-type=\"container\">\n\t\t\t\t\t<div class=\"e-con-inner\">\n\t\t\t\t\t<\/div>\n\t\t\t\t<\/div>\n\t\t\t\t<\/div>","protected":false},"excerpt":{"rendered":"<p>Where ? When ? \ud83d\udccd Location Tero River House 15 Rives de Clausen 2165 Gronn L\u00ebtzebuerg &#8211; Luxembourg \ud83d\udcc5 Date &#038; Time Thursday, October 28, 2025 10:00 AM \u2013 3:00 PM \ud83d\ude89 Access By Train: 20 minutes from Luxembourg Central Station via bus or taxi By Bus: Several lines stop nearby (Clausen, Pfaffenthal) \u2013 check the RGTR network By Car: Paid parking available nearby (Rives de Clausen or Pfaffenthal Parking), both within 5\u201310 minutes walking distance Register Now<\/p>","protected":false},"author":1,"featured_media":0,"parent":0,"menu_order":0,"comment_status":"closed","ping_status":"closed","template":"","meta":{"site-sidebar-layout":"no-sidebar","site-content-layout":"","ast-site-content-layout":"full-width-container","site-content-style":"default","site-sidebar-style":"default","ast-global-header-display":"","ast-banner-title-visibility":"","ast-main-header-display":"","ast-hfb-above-header-display":"","ast-hfb-below-header-display":"","ast-hfb-mobile-header-display":"","site-post-title":"disabled","ast-breadcrumbs-content":"","ast-featured-img":"disabled","footer-sml-layout":"","theme-transparent-header-meta":"","adv-header-id-meta":"","stick-header-meta":"","header-above-stick-meta":"","header-main-stick-meta":"","header-below-stick-meta":"","astra-migrate-meta-layouts":"default","ast-page-background-enabled":"default","ast-page-background-meta":{"desktop":{"background-color":"var(--ast-global-color-5)","background-image":"","background-repeat":"repeat","background-position":"center center","background-size":"auto","background-attachment":"scroll","background-type":"","background-media":"","overlay-type":"","overlay-color":"","overlay-opacity":"","overlay-gradient":""},"tablet":{"background-color":"","background-image":"","background-repeat":"repeat","background-position":"center center","background-size":"auto","background-attachment":"scroll","background-type":"","background-media":"","overlay-type":"","overlay-color":"","overlay-opacity":"","overlay-gradient":""},"mobile":{"background-color":"","background-image":"","background-repeat":"repeat","background-position":"center center","background-size":"auto","background-attachment":"scroll","background-type":"","background-media":"","overlay-type":"","overlay-color":"","overlay-opacity":"","overlay-gradient":""}},"ast-content-background-meta":{"desktop":{"background-color":"var(--ast-global-color-4)","background-image":"","background-repeat":"repeat","background-position":"center center","background-size":"auto","background-attachment":"scroll","background-type":"","background-media":"","overlay-type":"","overlay-color":"","overlay-opacity":"","overlay-gradient":""},"tablet":{"background-color":"var(--ast-global-color-4)","background-image":"","background-repeat":"repeat","background-position":"center center","background-size":"auto","background-attachment":"scroll","background-type":"","background-media":"","overlay-type":"","overlay-color":"","overlay-opacity":"","overlay-gradient":""},"mobile":{"background-color":"var(--ast-global-color-4)","background-image":"","background-repeat":"repeat","background-position":"center center","background-size":"auto","background-attachment":"scroll","background-type":"","background-media":"","overlay-type":"","overlay-color":"","overlay-opacity":"","overlay-gradient":""}},"footnotes":""},"class_list":["post-504","page","type-page","status-publish","hentry"],"yoast_head":"<!-- This site is optimized with the Yoast SEO plugin v27.3 - https:\/\/yoast.com\/product\/yoast-seo-wordpress\/ -->\n<title>Practical Informations Luxembourg -<\/title>\n<meta name=\"robots\" content=\"index, follow, max-snippet:-1, max-image-preview:large, max-video-preview:-1\" \/>\n<link rel=\"canonical\" href=\"https:\/\/business-continuity-convention.com\/fr\/practical-informations-luxembourg\/\" \/>\n<meta property=\"og:locale\" content=\"fr_FR\" \/>\n<meta property=\"og:type\" content=\"article\" \/>\n<meta property=\"og:title\" content=\"Practical Informations Luxembourg -\" \/>\n<meta property=\"og:description\" content=\"Where ? When ? \ud83d\udccd Location Tero River House 15 Rives de Clausen 2165 Gronn L\u00ebtzebuerg &#8211; Luxembourg \ud83d\udcc5 Date &#038; Time Thursday, October 28, 2025 10:00 AM \u2013 3:00 PM \ud83d\ude89 Access By Train: 20 minutes from Luxembourg Central Station via bus or taxi By Bus: Several lines stop nearby (Clausen, Pfaffenthal) \u2013 check the RGTR network By Car: Paid parking available nearby (Rives de Clausen or Pfaffenthal Parking), both within 5\u201310 minutes walking distance Register Now\" \/>\n<meta property=\"og:url\" content=\"https:\/\/business-continuity-convention.com\/fr\/practical-informations-luxembourg\/\" \/>\n<meta property=\"article:modified_time\" content=\"2025-06-26T11:54:20+00:00\" \/>\n<meta property=\"og:image\" content=\"https:\/\/business-continuity-convention.com\/wp-content\/uploads\/2025\/06\/tero-river-house-e1750938850889.png\" \/>\n<meta name=\"twitter:card\" content=\"summary_large_image\" \/>\n<meta name=\"twitter:label1\" content=\"Dur\u00e9e de lecture estim\u00e9e\" \/>\n\t<meta name=\"twitter:data1\" content=\"1 minute\" \/>\n<script type=\"application\/ld+json\" class=\"yoast-schema-graph\">{\"@context\":\"https:\\\/\\\/schema.org\",\"@graph\":[{\"@type\":\"WebPage\",\"@id\":\"https:\\\/\\\/business-continuity-convention.com\\\/practical-informations-luxembourg\\\/\",\"url\":\"https:\\\/\\\/business-continuity-convention.com\\\/practical-informations-luxembourg\\\/\",\"name\":\"Practical Informations Luxembourg -\",\"isPartOf\":{\"@id\":\"https:\\\/\\\/business-continuity-convention.com\\\/#website\"},\"primaryImageOfPage\":{\"@id\":\"https:\\\/\\\/business-continuity-convention.com\\\/practical-informations-luxembourg\\\/#primaryimage\"},\"image\":{\"@id\":\"https:\\\/\\\/business-continuity-convention.com\\\/practical-informations-luxembourg\\\/#primaryimage\"},\"thumbnailUrl\":\"https:\\\/\\\/business-continuity-convention.com\\\/wp-content\\\/uploads\\\/2025\\\/06\\\/tero-river-house-e1750938850889.png\",\"datePublished\":\"2025-06-06T07:22:22+00:00\",\"dateModified\":\"2025-06-26T11:54:20+00:00\",\"breadcrumb\":{\"@id\":\"https:\\\/\\\/business-continuity-convention.com\\\/practical-informations-luxembourg\\\/#breadcrumb\"},\"inLanguage\":\"fr-FR\",\"potentialAction\":[{\"@type\":\"ReadAction\",\"target\":[\"https:\\\/\\\/business-continuity-convention.com\\\/practical-informations-luxembourg\\\/\"]}]},{\"@type\":\"ImageObject\",\"inLanguage\":\"fr-FR\",\"@id\":\"https:\\\/\\\/business-continuity-convention.com\\\/practical-informations-luxembourg\\\/#primaryimage\",\"url\":\"https:\\\/\\\/business-continuity-convention.com\\\/wp-content\\\/uploads\\\/2025\\\/06\\\/tero-river-house-e1750938850889.png\",\"contentUrl\":\"https:\\\/\\\/business-continuity-convention.com\\\/wp-content\\\/uploads\\\/2025\\\/06\\\/tero-river-house-e1750938850889.png\"},{\"@type\":\"BreadcrumbList\",\"@id\":\"https:\\\/\\\/business-continuity-convention.com\\\/practical-informations-luxembourg\\\/#breadcrumb\",\"itemListElement\":[{\"@type\":\"ListItem\",\"position\":1,\"name\":\"Accueil\",\"item\":\"https:\\\/\\\/business-continuity-convention.com\\\/\"},{\"@type\":\"ListItem\",\"position\":2,\"name\":\"Practical Informations Luxembourg\"}]},{\"@type\":\"WebSite\",\"@id\":\"https:\\\/\\\/business-continuity-convention.com\\\/#website\",\"url\":\"https:\\\/\\\/business-continuity-convention.com\\\/\",\"name\":\"BCC\",\"description\":\"\",\"publisher\":{\"@id\":\"https:\\\/\\\/business-continuity-convention.com\\\/#organization\"},\"potentialAction\":[{\"@type\":\"SearchAction\",\"target\":{\"@type\":\"EntryPoint\",\"urlTemplate\":\"https:\\\/\\\/business-continuity-convention.com\\\/?s={search_term_string}\"},\"query-input\":{\"@type\":\"PropertyValueSpecification\",\"valueRequired\":true,\"valueName\":\"search_term_string\"}}],\"inLanguage\":\"fr-FR\"},{\"@type\":\"Organization\",\"@id\":\"https:\\\/\\\/business-continuity-convention.com\\\/#organization\",\"name\":\"Business Continuity Convention\",\"url\":\"https:\\\/\\\/business-continuity-convention.com\\\/\",\"logo\":{\"@type\":\"ImageObject\",\"inLanguage\":\"fr-FR\",\"@id\":\"https:\\\/\\\/business-continuity-convention.com\\\/#\\\/schema\\\/logo\\\/image\\\/\",\"url\":\"https:\\\/\\\/business-continuity-convention.com\\\/wp-content\\\/uploads\\\/2025\\\/03\\\/cropped-BCC-LGO-1.png\",\"contentUrl\":\"https:\\\/\\\/business-continuity-convention.com\\\/wp-content\\\/uploads\\\/2025\\\/03\\\/cropped-BCC-LGO-1.png\",\"width\":640,\"height\":267,\"caption\":\"Business Continuity Convention\"},\"image\":{\"@id\":\"https:\\\/\\\/business-continuity-convention.com\\\/#\\\/schema\\\/logo\\\/image\\\/\"}}]}<\/script>\n<!-- \/ Yoast SEO plugin. -->","yoast_head_json":{"title":"Practical Informations Luxembourg -","robots":{"index":"index","follow":"follow","max-snippet":"max-snippet:-1","max-image-preview":"max-image-preview:large","max-video-preview":"max-video-preview:-1"},"canonical":"https:\/\/business-continuity-convention.com\/fr\/practical-informations-luxembourg\/","og_locale":"fr_FR","og_type":"article","og_title":"Practical Informations Luxembourg -","og_description":"Where ? When ? \ud83d\udccd Location Tero River House 15 Rives de Clausen 2165 Gronn L\u00ebtzebuerg &#8211; Luxembourg \ud83d\udcc5 Date &#038; Time Thursday, October 28, 2025 10:00 AM \u2013 3:00 PM \ud83d\ude89 Access By Train: 20 minutes from Luxembourg Central Station via bus or taxi By Bus: Several lines stop nearby (Clausen, Pfaffenthal) \u2013 check the RGTR network By Car: Paid parking available nearby (Rives de Clausen or Pfaffenthal Parking), both within 5\u201310 minutes walking distance Register Now","og_url":"https:\/\/business-continuity-convention.com\/fr\/practical-informations-luxembourg\/","article_modified_time":"2025-06-26T11:54:20+00:00","og_image":[{"url":"https:\/\/business-continuity-convention.com\/wp-content\/uploads\/2025\/06\/tero-river-house-e1750938850889.png","type":"","width":"","height":""}],"twitter_card":"summary_large_image","twitter_misc":{"Dur\u00e9e de lecture estim\u00e9e":"1 minute"},"schema":{"@context":"https:\/\/schema.org","@graph":[{"@type":"WebPage","@id":"https:\/\/business-continuity-convention.com\/practical-informations-luxembourg\/","url":"https:\/\/business-continuity-convention.com\/practical-informations-luxembourg\/","name":"Practical Informations Luxembourg -","isPartOf":{"@id":"https:\/\/business-continuity-convention.com\/#website"},"primaryImageOfPage":{"@id":"https:\/\/business-continuity-convention.com\/practical-informations-luxembourg\/#primaryimage"},"image":{"@id":"https:\/\/business-continuity-convention.com\/practical-informations-luxembourg\/#primaryimage"},"thumbnailUrl":"https:\/\/business-continuity-convention.com\/wp-content\/uploads\/2025\/06\/tero-river-house-e1750938850889.png","datePublished":"2025-06-06T07:22:22+00:00","dateModified":"2025-06-26T11:54:20+00:00","breadcrumb":{"@id":"https:\/\/business-continuity-convention.com\/practical-informations-luxembourg\/#breadcrumb"},"inLanguage":"fr-FR","potentialAction":[{"@type":"ReadAction","target":["https:\/\/business-continuity-convention.com\/practical-informations-luxembourg\/"]}]},{"@type":"ImageObject","inLanguage":"fr-FR","@id":"https:\/\/business-continuity-convention.com\/practical-informations-luxembourg\/#primaryimage","url":"https:\/\/business-continuity-convention.com\/wp-content\/uploads\/2025\/06\/tero-river-house-e1750938850889.png","contentUrl":"https:\/\/business-continuity-convention.com\/wp-content\/uploads\/2025\/06\/tero-river-house-e1750938850889.png"},{"@type":"BreadcrumbList","@id":"https:\/\/business-continuity-convention.com\/practical-informations-luxembourg\/#breadcrumb","itemListElement":[{"@type":"ListItem","position":1,"name":"Accueil","item":"https:\/\/business-continuity-convention.com\/"},{"@type":"ListItem","position":2,"name":"Practical Informations Luxembourg"}]},{"@type":"WebSite","@id":"https:\/\/business-continuity-convention.com\/#website","url":"https:\/\/business-continuity-convention.com\/","name":"BCC","description":"","publisher":{"@id":"https:\/\/business-continuity-convention.com\/#organization"},"potentialAction":[{"@type":"SearchAction","target":{"@type":"EntryPoint","urlTemplate":"https:\/\/business-continuity-convention.com\/?s={search_term_string}"},"query-input":{"@type":"PropertyValueSpecification","valueRequired":true,"valueName":"search_term_string"}}],"inLanguage":"fr-FR"},{"@type":"Organization","@id":"https:\/\/business-continuity-convention.com\/#organization","name":"Business Continuity Convention","url":"https:\/\/business-continuity-convention.com\/","logo":{"@type":"ImageObject","inLanguage":"fr-FR","@id":"https:\/\/business-continuity-convention.com\/#\/schema\/logo\/image\/","url":"https:\/\/business-continuity-convention.com\/wp-content\/uploads\/2025\/03\/cropped-BCC-LGO-1.png","contentUrl":"https:\/\/business-continuity-convention.com\/wp-content\/uploads\/2025\/03\/cropped-BCC-LGO-1.png","width":640,"height":267,"caption":"Business Continuity Convention"},"image":{"@id":"https:\/\/business-continuity-convention.com\/#\/schema\/logo\/image\/"}}]}},"_links":{"self":[{"href":"https:\/\/business-continuity-convention.com\/fr\/wp-json\/wp\/v2\/pages\/504","targetHints":{"allow":["GET"]}}],"collection":[{"href":"https:\/\/business-continuity-convention.com\/fr\/wp-json\/wp\/v2\/pages"}],"about":[{"href":"https:\/\/business-continuity-convention.com\/fr\/wp-json\/wp\/v2\/types\/page"}],"author":[{"embeddable":true,"href":"https:\/\/business-continuity-convention.com\/fr\/wp-json\/wp\/v2\/users\/1"}],"replies":[{"embeddable":true,"href":"https:\/\/business-continuity-convention.com\/fr\/wp-json\/wp\/v2\/comments?post=504"}],"version-history":[{"count":49,"href":"https:\/\/business-continuity-convention.com\/fr\/wp-json\/wp\/v2\/pages\/504\/revisions"}],"predecessor-version":[{"id":589,"href":"https:\/\/business-continuity-convention.com\/fr\/wp-json\/wp\/v2\/pages\/504\/revisions\/589"}],"wp:attachment":[{"href":"https:\/\/business-continuity-convention.com\/fr\/wp-json\/wp\/v2\/media?parent=504"}],"curies":[{"name":"wp","href":"https:\/\/api.w.org\/{rel}","templated":true}]}}